{"id":112,"date":"2017-02-01T15:14:14","date_gmt":"2017-02-01T13:14:14","guid":{"rendered":"http:\/\/kogital.com\/clients\/leventkabasakal\/?page_id=112"},"modified":"2019-03-04T13:34:58","modified_gmt":"2019-03-04T11:34:58","slug":"oduller","status":"publish","type":"page","link":"https:\/\/www.leventkabasakal.com\/en\/about\/awards\/","title":{"rendered":"AWARDS"},"content":{"rendered":"<p><\/p>\n<table class=\"table\">\n<tbody>\n<tr>\n<td><strong>TUBITAK Short Term Post-Doctorate Research Fellowship Program for International PhD Graduates<\/strong><\/td>\n<td><em>1993<\/em><\/td>\n<\/tr>\n<tr>\n<td><strong>1st Prof. Dr. Suphi Artunkal Nuclear Medicine Science Award <\/strong><\/td>\n<td><em>1994<\/em><\/td>\n<\/tr>\n<tr>\n<td><strong>Istanbul University Research Fund Successful Researcher Award<\/strong><\/td>\n<td><em>1994<\/em><\/td>\n<\/tr>\n<tr>\n<td><strong>Istanbul University Research Fund Successful Researcher Award<\/strong><\/td>\n<td><em>1995<\/em><\/td>\n<\/tr>\n<tr>\n<td><strong>Istanbul University Research Fund Successful Researcher Award<\/strong><\/td>\n<td><em>1997<\/em><\/td>\n<\/tr>\n<tr>\n<td><strong>5th Prof. Dr. Suphi Artunkal Nuclear Medicine Science Award<\/strong><\/td>\n<td><em>1998<\/em><\/td>\n<\/tr>\n<tr>\n<td><strong>Istanbul University Research Fund Successful Researcher Award<\/strong><\/td>\n<td><em>1998<\/em><\/td>\n<\/tr>\n<tr>\n<td><strong>Istanbul University Research Fund Successful Researcher Award<\/strong><\/td>\n<td><em>1999<\/em><\/td>\n<\/tr>\n<tr>\n<td><strong>Istanbul University Research Fund Successful Researcher Award<\/strong><\/td>\n<td><em>2000<\/em><\/td>\n<\/tr>\n<tr>\n<td><strong>Istanbul University Research Fund Successful Researcher Award<\/strong><\/td>\n<td><em>2001<\/em><\/td>\n<\/tr>\n<tr>\n<td><strong>9th Prof. Dr. Suphi Artunkal Nuclear Medicine Science Award<\/strong><\/td>\n<td><em>2002<\/em><\/td>\n<\/tr>\n<tr>\n<td><strong>Istanbul University Research Fund Successful Researcher Award<\/strong><\/td>\n<td><em>2002<\/em><\/td>\n<\/tr>\n<tr>\n<td><strong>Istanbul University Research Fund Successful Researcher Award<\/strong><\/td>\n<td><em>2003<\/em><\/td>\n<\/tr>\n<tr>\n<td><strong>Istanbul University Research Fund Successful Researcher Award<\/strong><\/td>\n<td><em>2004<\/em><\/td>\n<\/tr>\n<tr>\n<td><strong>Istanbul University Research Fund Successful Researcher Award<\/strong><\/td>\n<td><em>2005<\/em><\/td>\n<\/tr>\n<tr>\n<td><strong>\u0130stanbul \u00dcniversitesi Ara\u015ft\u0131rma Fonu Ba\u015far\u0131l\u0131 Ara\u015ft\u0131rmac\u0131 \u00d6d\u00fcl\u00fc<\/strong><\/td>\n<td><em>2006<\/em><\/td>\n<\/tr>\n<tr>\n<td><strong>Turkish Society of Nuclear Medicine Young Researcher Science Award*<\/strong><\/td>\n<td><em>2007<\/em><\/td>\n<\/tr>\n<tr>\n<td><strong>Turkish Society of Nuclear Medicine Young Researcher Science Award*<\/strong><\/td>\n<td><em>2008<\/em><\/td>\n<\/tr>\n<tr>\n<td><strong>Prof. Dr. Suphi Artunkal Nuclear Medicine Science Award<\/strong><\/td>\n<td><em>2010<\/em><\/td>\n<\/tr>\n<tr>\n<td><strong>Prof. Dr. Suphi Artunkal Nuclear Medicine Science Award<\/strong><\/td>\n<td><em>2013<\/em><\/td>\n<\/tr>\n<tr>\n<td><strong>Prof. Dr. Suphi Artunkal Nuclear Medicine Science Award<\/strong><\/td>\n<td><em>2016<\/em><\/td>\n<\/tr>\n<tr>\n<td><strong>Prof. Dr. Suphi Artunkal Nuclear Medicine Science Award<\/strong><\/td>\n<td><em>2017<\/em><\/td>\n<\/tr>\n<tr>\n<td><strong>Prof. Dr. Suphi Artunkal Nuclear Medicine Science Award<\/strong><\/td>\n<td><em>2018<\/em><\/td>\n<\/tr>\n<\/tbody>\n<\/table>\n<p class=\"small\">* <em>Assistants of Prof. Dr. Levent Kabasakal had the awards by presenting the projects he had supervised. <\/em><\/p>\n<p><\/p>","protected":false},"excerpt":{"rendered":"<p>TUBITAK Short Term Post-Doctorate Research Fellowship Program for International PhD Graduates 1993 1st Prof. Dr. Suphi Artunkal Nuclear Medicine Science Award 1994 Istanbul University Research Fund Successful Researcher Award 1994 Istanbul University Research Fund Successful Researcher Award 1995 Istanbul University Research Fund Successful Researcher Award 1997 5th Prof. Dr. Suphi Artunkal Nuclear Medicine Science Award [&hellip;]<\/p>\n","protected":false},"author":1,"featured_media":201,"parent":14,"menu_order":3,"comment_status":"closed","ping_status":"closed","template":"","meta":{"_seopress_robots_primary_cat":"","_seopress_titles_title":"","_seopress_titles_desc":"","_seopress_robots_index":"","footnotes":""},"class_list":["post-112","page","type-page","status-publish","has-post-thumbnail","hentry"],"_links":{"self":[{"href":"https:\/\/www.leventkabasakal.com\/en\/wp-json\/wp\/v2\/pages\/112","targetHints":{"allow":["GET"]}}],"collection":[{"href":"https:\/\/www.leventkabasakal.com\/en\/wp-json\/wp\/v2\/pages"}],"about":[{"href":"https:\/\/www.leventkabasakal.com\/en\/wp-json\/wp\/v2\/types\/page"}],"author":[{"embeddable":true,"href":"https:\/\/www.leventkabasakal.com\/en\/wp-json\/wp\/v2\/users\/1"}],"replies":[{"embeddable":true,"href":"https:\/\/www.leventkabasakal.com\/en\/wp-json\/wp\/v2\/comments?post=112"}],"version-history":[{"count":3,"href":"https:\/\/www.leventkabasakal.com\/en\/wp-json\/wp\/v2\/pages\/112\/revisions"}],"predecessor-version":[{"id":585,"href":"https:\/\/www.leventkabasakal.com\/en\/wp-json\/wp\/v2\/pages\/112\/revisions\/585"}],"up":[{"embeddable":true,"href":"https:\/\/www.leventkabasakal.com\/en\/wp-json\/wp\/v2\/pages\/14"}],"wp:featuredmedia":[{"embeddable":true,"href":"https:\/\/www.leventkabasakal.com\/en\/wp-json\/wp\/v2\/media\/201"}],"wp:attachment":[{"href":"https:\/\/www.leventkabasakal.com\/en\/wp-json\/wp\/v2\/media?parent=112"}],"curies":[{"name":"wp","href":"https:\/\/api.w.org\/{rel}","templated":true}]}}