{"id":257,"date":"2017-02-08T20:48:10","date_gmt":"2017-02-08T18:48:10","guid":{"rendered":"http:\/\/kogital.com\/clients\/leventkabasakal\/?page_id=257"},"modified":"2019-03-04T13:02:39","modified_gmt":"2019-03-04T11:02:39","slug":"radyasyondan-korunma","status":"publish","type":"page","link":"https:\/\/www.leventkabasakal.com\/en\/radyoiyot-tedavisi\/radyasyondan-korunma\/","title":{"rendered":"(Turkish) RADYASYONDAN KORUNMA"},"content":{"rendered":"<p>Yanda\u00a0ICRP-94 say\u0131l\u0131 raporda verilen hastalar\u0131n radyoiyot tedavisi ald\u0131ktan sonra evde uymas\u0131 gereken kurallar\u0131 bulabilirsiniz. Ancak bu kurallar\u0131 anlayabilmek i\u00e7in \u00f6ncelikle radyasyondan korunman\u0131n temel prensiplerini bilmek gerekir. Radyasyondan korunman\u0131n 3 temel prensibi vard\u0131r:<\/p>\n<h3><i class=\"fi flaticon-stopwatch fa-fw\"><\/i> Zaman<\/h3>\n<ul>\n<li>Radyasyon kayna\u011f\u0131 ile beraber ne kadar az zaman ge\u00e7irilir ise o kadar az radyasyon dozuna maruz kal\u0131n\u0131r. Burada radyasyon kayna\u011f\u0131 radyoiyot tedavisi g\u00f6ren hastad\u0131r. Hastaya radyoiyot verilmi\u015ftir ve v\u00fccudundan \u00e7evreye g\u00f6zle g\u00f6r\u00fclmeyen ve radyasyon ad\u0131 verilen \u0131\u015f\u0131n sa\u00e7maktad\u0131r.<\/li>\n<\/ul>\n<h3><i class=\"fi flaticon-arrows fa-fw\"><\/i> Mesafe<\/h3>\n<ul>\n<li>Radyasyon kayna\u011f\u0131 ile aram\u0131zda ne kadar uzun bir mesafe var ise o kadar az radyasyon dozuna maruz kal\u0131n\u0131r. Mesafe radyasyondan korunman\u0131n en \u00f6nemli unsurudur. \u00c7\u00fcnk\u00fc mesafe ile radyasyon dozu aras\u0131nda ters kare denilen bir ili\u015fki mevcuttur. Yani radyasyon kayna\u011f\u0131 ile ge\u00e7irilen s\u00fcre yar\u0131ya d\u00fc\u015f\u00fcr\u00fcld\u00fc\u011f\u00fcnde al\u0131nan radyasyon dozu yar\u0131ya d\u00fc\u015ferken , radyasyon kayna\u011f\u0131 ile olan mesafe bir kat art\u0131r\u0131ld\u0131\u011f\u0131nda al\u0131nan radyasyon dozu d\u00f6rttebire d\u00fc\u015fer.<\/li>\n<\/ul>\n<h3><i class=\"fi flaticon-drops fa-fw\"><\/i> Hijyen<\/h3>\n<ul>\n<li>Hastaya verilen radyoaktif madde v\u00fccuttan, ba\u015fta idrar ve t\u00fck\u00fcr\u00fck salg\u0131s\u0131 olmak \u00fczere t\u00fcm v\u00fccut s\u0131v\u0131lar\u0131yla at\u0131l\u0131r. \u00d6zellikle ilk 24 saatte verilen radyoaktif madde %50-80 oran\u0131nda idrarla at\u0131l\u0131r. Bu nedenle tuvalet temizli\u011fine \u00e7ok dikkat edilmesi gereklidir. V\u00fccut s\u0131v\u0131lar\u0131n\u0131n \u00e7evreye ve ba\u015fka insanlara bula\u015fmas\u0131n\u0131n \u00f6nemi radyasyona do\u011frudan maruz kalma riskidir.<\/li>\n<\/ul>\n","protected":false},"excerpt":{"rendered":"<p>Yanda\u00a0ICRP-94 say\u0131l\u0131 raporda verilen hastalar\u0131n radyoiyot tedavisi ald\u0131ktan sonra evde uymas\u0131 gereken kurallar\u0131 bulabilirsiniz. Ancak bu kurallar\u0131 anlayabilmek i\u00e7in \u00f6ncelikle radyasyondan korunman\u0131n temel prensiplerini bilmek gerekir. Radyasyondan korunman\u0131n 3 temel prensibi vard\u0131r: Zaman Radyasyon kayna\u011f\u0131 ile beraber ne kadar az zaman ge\u00e7irilir ise o kadar az radyasyon dozuna maruz kal\u0131n\u0131r. Burada radyasyon kayna\u011f\u0131 radyoiyot tedavisi [&hellip;]<\/p>\n","protected":false},"author":1,"featured_media":259,"parent":28,"menu_order":1,"comment_status":"closed","ping_status":"closed","template":"","meta":{"_seopress_robots_primary_cat":"","_seopress_titles_title":"","_seopress_titles_desc":"","_seopress_robots_index":"","footnotes":""},"class_list":["post-257","page","type-page","status-publish","has-post-thumbnail","hentry"],"_links":{"self":[{"href":"https:\/\/www.leventkabasakal.com\/en\/wp-json\/wp\/v2\/pages\/257","targetHints":{"allow":["GET"]}}],"collection":[{"href":"https:\/\/www.leventkabasakal.com\/en\/wp-json\/wp\/v2\/pages"}],"about":[{"href":"https:\/\/www.leventkabasakal.com\/en\/wp-json\/wp\/v2\/types\/page"}],"author":[{"embeddable":true,"href":"https:\/\/www.leventkabasakal.com\/en\/wp-json\/wp\/v2\/users\/1"}],"replies":[{"embeddable":true,"href":"https:\/\/www.leventkabasakal.com\/en\/wp-json\/wp\/v2\/comments?post=257"}],"version-history":[{"count":1,"href":"https:\/\/www.leventkabasakal.com\/en\/wp-json\/wp\/v2\/pages\/257\/revisions"}],"predecessor-version":[{"id":556,"href":"https:\/\/www.leventkabasakal.com\/en\/wp-json\/wp\/v2\/pages\/257\/revisions\/556"}],"up":[{"embeddable":true,"href":"https:\/\/www.leventkabasakal.com\/en\/wp-json\/wp\/v2\/pages\/28"}],"wp:featuredmedia":[{"embeddable":true,"href":"https:\/\/www.leventkabasakal.com\/en\/wp-json\/wp\/v2\/media\/259"}],"wp:attachment":[{"href":"https:\/\/www.leventkabasakal.com\/en\/wp-json\/wp\/v2\/media?parent=257"}],"curies":[{"name":"wp","href":"https:\/\/api.w.org\/{rel}","templated":true}]}}