{"id":457,"date":"2017-02-13T10:47:22","date_gmt":"2017-02-13T08:47:22","guid":{"rendered":"http:\/\/kogital.com\/clients\/leventkabasakal\/?page_id=421"},"modified":"2019-03-04T14:28:33","modified_gmt":"2019-03-04T12:28:33","slug":"noroendokrin-kanserler-atom-tedavisi","status":"publish","type":"page","link":"https:\/\/www.leventkabasakal.com\/en\/diseases\/neuroendocrine-cancers\/neuroendocrine-cancers-and-atomic-treatment\/","title":{"rendered":"NEUROENDOCRINE CANCERS AND ATOMIC TREATMENT"},"content":{"rendered":"<p><\/p>\n<h3>What is neuroendocrine cancer?<\/h3>\n<p>Neuroendocrine cancers are rare tumors. They usually root in stomach and intestinal systems and show themselves by metastasizing into the liver. They are slow type of cancers. Some patients show symptoms of uncontrollable diarrhea, hypoglycemia and rash on the face. <\/p>\n<h3>How are these cancers treated?<\/h3>\n<p>Like other types of cancer, primary treatment is surgery. However, very few patients can get this chance. Patients who are unfit for surgery don\u2019t have much options besides radioactive Lu-177 Dota-Tate  therapy with smart molecules.<\/p>\n<h3>How can Neuroendoctine tumors be treated with smart molecules?<\/h3>\n<p>Smart molecules are molecules designed to find and stick to the tumor and it\u2019s metastases and get inside the cancerous tissue after entering the body. They don\u2019t cause any side-effects or harm. These molecules are marked with a radioactive substance in a laboratory and used in both diagnosis and radioactive iodine therapy.<\/p>\n<h3>Has this method been used for a long time? <\/h3>\n<p>Yes. For nearly 15 years, this method is being used with a smart molecule called octreotide which is coupled with Lu-177. There have been more than 1500 treatments so far in our clinic. <\/p>\n<h3>Who can it be applied to? <\/h3>\n<p>It can be applied to all the patients with neuroendocrine tumor. An imaging study is taken before to see if the patient can benefit from the treatment. If it shows that they can, the treatment starts. <\/p>\n<h3>Are there any side-effects? <\/h3>\n<p>There are no significant side-effects. Nausea for a couple of days can be seen rarely. Besides that, the patient can go about their usual lifestyle. The drug is applied via transfusion for half an hour. During treatment, there are no side-effects that may impair the patient\u2019s quality of life, such as hair loss or nausea. <\/p>\n<div class=\"row\">\n<div class=\"col-sm-6\">\n<figure class=\"figure\"><img loading=\"lazy\" decoding=\"async\" class=\"figure-img img-fluid\" src=\"http:\/\/wp1031.hostgator.com\/~waeas20acpgc\/wp-content\/uploads\/2017\/02\/noroendokrin-oncesi.jpg\" alt=\"Before\" width=\"650\" height=\"1250\" \/><figcaption class=\"figure-caption text-xs-center text-primary\">Before<\/figcaption><\/figure>\n<\/div>\n<div class=\"col-sm-6\">\n<figure class=\"figure\"><img loading=\"lazy\" decoding=\"async\" class=\"figure-img img-fluid\" src=\"http:\/\/wp1031.hostgator.com\/~waeas20acpgc\/wp-content\/uploads\/2017\/02\/noroendokrin-sonrasi.jpg\" alt=\"After\" width=\"650\" height=\"1250\" \/><figcaption class=\"figure-caption text-xs-center text-primary\">After<\/figcaption><\/figure>\n<\/div>\n<\/div>\n<h3>What kind of positive effect does the treatment have on the cancer? <\/h3>\n<p>It improves the patients\u2019 quality and duration of life significantly. Our patients have shown more than 5 years of life expectancy after the tratment. Also, the symptoms like diarrhea, hypoglicemia and rash on the face are largely eliminated. The pains that result from bone metastasis can be controlled. <\/p>\n<figure class=\"figure mx-auto d-block\"><img loading=\"lazy\" decoding=\"async\" class=\"figure-img img-fluid mx-auto d-block\" src=\"http:\/\/wp1031.hostgator.com\/~waeas20acpgc\/wp-content\/uploads\/2017\/02\/lu177-basari.png\" alt=\"234 Hastada Lu-177-DOTA-TATE Tedavi Ba\u015far\u0131s\u0131\" width=\"700\" height=\"400\" \/><figcaption class=\"figure-caption text-xs-center\">TARAFIMIZDAN TEDAV\u0130 ED\u0130LEN 234 HASTANIN TEDAV\u0130 BA\u015eARISI<br \/>\n<span class=\"small text-warning\">Bu sonu\u00e7lar\u0131 sundu\u011fumuz 2016 Avrupa kongresinin en iyi bildirileri aras\u0131nda se\u00e7ilmi\u015ftir.<\/span><\/figcaption><\/figure>\n<ul>\n<li>Evaluations of 234 patients with neuroendocrine tumor who\u2019ve been traeated by us show that Lu-177-DOTA-TATE is a very effective and helpful method of treatment. <\/li>\n<li>It can be seen that it can prolong the patient\u2019s cancer-free lifetime up to 56 months. This duration is way higher than other forms of drug treatments.  <\/li>\n<li>With other drug treatments, this duration is on average 12-24 months.<\/li>\n<li>Also, Lu-177-DOTA-TATE treatment doesn\u2019t cause any significant side-effects. It doesn\u2019t cause any life-quality impairing side-effects like exhaustion, fatigue, loss of appetite, sores on hands and feet like other drug treatments. <\/li>\n<li>Quite the opposite, with this treatment, patients who experience an overall improvement in the quality of life can spend their prolonged and better life with their relatives and loved ones. <\/li>\n<\/ul>\n<p><\/p>","protected":false},"excerpt":{"rendered":"<p>What is neuroendocrine cancer? Neuroendocrine cancers are rare tumors. They usually root in stomach and intestinal systems and show themselves by metastasizing into the liver. They are slow type of cancers. Some patients show symptoms of uncontrollable diarrhea, hypoglycemia and rash on the face. How are these cancers treated? Like other types of cancer, primary [&hellip;]<\/p>\n","protected":false},"author":1,"featured_media":0,"parent":22,"menu_order":0,"comment_status":"closed","ping_status":"closed","template":"","meta":{"_seopress_robots_primary_cat":"","_seopress_titles_title":"","_seopress_titles_desc":"","_seopress_robots_index":"","footnotes":""},"class_list":["post-457","page","type-page","status-publish","hentry"],"_links":{"self":[{"href":"https:\/\/www.leventkabasakal.com\/en\/wp-json\/wp\/v2\/pages\/457","targetHints":{"allow":["GET"]}}],"collection":[{"href":"https:\/\/www.leventkabasakal.com\/en\/wp-json\/wp\/v2\/pages"}],"about":[{"href":"https:\/\/www.leventkabasakal.com\/en\/wp-json\/wp\/v2\/types\/page"}],"author":[{"embeddable":true,"href":"https:\/\/www.leventkabasakal.com\/en\/wp-json\/wp\/v2\/users\/1"}],"replies":[{"embeddable":true,"href":"https:\/\/www.leventkabasakal.com\/en\/wp-json\/wp\/v2\/comments?post=457"}],"version-history":[{"count":2,"href":"https:\/\/www.leventkabasakal.com\/en\/wp-json\/wp\/v2\/pages\/457\/revisions"}],"predecessor-version":[{"id":594,"href":"https:\/\/www.leventkabasakal.com\/en\/wp-json\/wp\/v2\/pages\/457\/revisions\/594"}],"up":[{"embeddable":true,"href":"https:\/\/www.leventkabasakal.com\/en\/wp-json\/wp\/v2\/pages\/22"}],"wp:attachment":[{"href":"https:\/\/www.leventkabasakal.com\/en\/wp-json\/wp\/v2\/media?parent=457"}],"curies":[{"name":"wp","href":"https:\/\/api.w.org\/{rel}","templated":true}]}}