{"id":519,"date":"2018-01-02T14:17:15","date_gmt":"2018-01-02T12:17:15","guid":{"rendered":"http:\/\/www.leventkabasakal.com\/?page_id=519"},"modified":"2019-03-04T13:03:48","modified_gmt":"2019-03-04T11:03:48","slug":"atom-i-131-rai-tedavisi","status":"publish","type":"page","link":"https:\/\/www.leventkabasakal.com\/en\/diseases\/tiroit\/atom-i-131-rai-tedavisi\/","title":{"rendered":"(Turkish) Atom (I-131) RAI Tedavisi"},"content":{"rendered":"<p>Bu durum \u00f6zellikle \u00e7ocuklar a\u00e7\u0131s\u0131ndan \u00f6nemlidir. \u00c7ocuklar radyasyona yeti\u015fkinlerden daha \u00e7ok duyarl\u0131d\u0131r. K\u00fc\u00e7\u00fck \u00e7ocuklar\u0131ndan ayr\u0131 kalmak anneler i\u00e7in zorlu bir s\u00fcre\u00e7tir. Hastanede izole kalma ve yak\u0131nlar\u0131ndan ayr\u0131 kalma s\u00fcresi verilen atom (RAI) miktar\u0131yla ili\u015fkilidir. D\u00fc\u015f\u00fck miktarlarda verilirse bu s\u00fcre k\u0131sal\u0131r.<\/p>\n<p>G\u00fcncel RAI tedavisinde her hastaya y\u00fcksek doz denilen 100 mCi RAI verilir. Oysa hastalar\u0131n hepsi ayn\u0131 de\u011fildir. Her hastaya tedavi i\u00e7in gereken miktar farkl\u0131l\u0131k g\u00f6sterir. Hastalar\u0131n bir k\u0131sm\u0131na 20 mCi, bir k\u0131sm\u0131na 50 veya bir k\u0131s\u0131na 75 mCi gerekir. Bu nedenle hastalar\u0131n b\u00fcy\u00fck k\u0131sm\u0131 gereksiz yere bir radyoaktif madde olan I-131 ile y\u00fcksek radyasyona maruz kal\u0131r.<\/p>\n<p>Halbuki hastalar\u0131n \u00f6zellikleri belirlenerek yap\u0131lan ki\u015fiselle\u015ftirilmi\u015f tedavide hastaya ihtiyac\u0131 kadar RAI verilir. Bu y\u00f6ntemle hastalara verilen atom miktar\u0131 hastan\u0131n ihtiyac\u0131 kadard\u0131r. Gereksiz yere fazla miktarda verilerek hastan\u0131n ve yak\u0131n \u00e7evresinin fazladan radyasyona maruz kalmas\u0131 engellenir. B\u00f6ylece hastalar\u0131n yak\u0131n \u00e7evrelerinden uzun s\u00fcre uzak kalmalar\u0131 gerekmez. Veya, hastaya gerekti\u011finden az atom miktar\u0131 verilmeyerek hastan\u0131n daha iyi tedavi olmas\u0131 sa\u011flan\u0131r. Kullan\u0131lan atom miktar\u0131 azald\u0131\u011f\u0131 i\u00e7in sa\u011fl\u0131k ekonomisine de \u00f6nemli katk\u0131s\u0131 vard\u0131r. Ayr\u0131ca \u00f6zellikle \u00e7ocuk ve gen\u00e7 hastalar\u0131n gereksiz yere radyasyona maruz kalmalar\u0131n\u0131n engellenmi\u015f olmas\u0131 \u00e7ok \u00f6nemli bir kazan\u0131md\u0131r.<\/p>\n<h3>Ki\u015fiselle\u015ftirilmi\u015f atom tedavisi nas\u0131l geli\u015ftirildi?<\/h3>\n<p>Cerrahpa\u015fa T\u0131p Fak\u00fcltesi \u00f6nderli\u011finde, Yeditepe \u00fcniversitesi, Adana Ba\u015fkent \u00dcniversitesi ve Akdeniz \u00fcniversitesi ile birlikte 3 y\u0131l \u00f6nce bir ara\u015ft\u0131rma projesi ile \u00e7al\u0131\u015fmaya ba\u015flad\u0131k. Do\u00e7. Dr. Nalan Sel\u00e7uk, Uzm. Fiz. Dr. T\u00fcrkay Toklu ile birlikte projeyi tasarlad\u0131k. 102 tiroit kanseri hastas\u0131nda her iki y\u00f6ntemi kar\u015f\u0131la\u015ft\u0131rd\u0131k ve g\u00f6rd\u00fck ki hastalara gereken RAI miktar\u0131 basit bir y\u00f6ntemle hesaplanabiliyor ve en az sabit doz y\u00f6ntemi kadar ba\u015far\u0131l\u0131 olabiliyor. B\u00f6ylece hastalar gereksiz radyasyona maruz kalmam\u0131\u015f oluyorlar.<\/p>\n<h3>Nas\u0131l uygulan\u0131yor?<\/h3>\n<p>Ba\u015flang\u0131\u00e7ta hastalar\u0131n 6 g\u00fcn boyunca klini\u011fimize gelerek \u00f6l\u00e7\u00fcm yapt\u0131rmalar\u0131 gerekiyordu. Ancak yeni bir uygulama geli\u015ftirdik. Art\u0131k hastalar 2 g\u00fcn geliyorlar ve k\u0131sa bir \u00f6l\u00e7\u00fcm yap\u0131ld\u0131ktan sonra hasta i\u00e7in gerekli RAI miktar\u0131 hesap edilebiliyor. Bu uygulamay\u0131 biz geli\u015ftirdik ve sonu\u00e7lar\u0131n\u0131 Ekim ay\u0131nda Viyana\u2019daki \u00a0Avrupa N\u00fckleer T\u0131p kongresinde sunduk. Sonu\u00e7lar\u0131m\u0131z\u0131 da yak\u0131n bir s\u00fcrede yay\u0131nlayaca\u011f\u0131z. \u015eu an d\u00fcnyada sadece biz kullan\u0131yoruz.<\/p>\n<h3>T\u00fcrkiye&#8217;de ilk kez hayata ge\u00e7irilen projenin yurt d\u0131\u015f\u0131ndaki uygulamalar\u0131 nas\u0131l.<\/h3>\n<p>Bu y\u00f6ntem bu haliyle bildi\u011fimiz kadar\u0131yla, sadece Cerrahpa\u015fa T\u0131p Fak\u00fcltesinde uygulanmaktad\u0131r. ABD, Almanya ve Japonya\u2019da baz\u0131 merkezler ba\u015fka y\u00f6ntemler uygulanmaktad\u0131r. Ancak bizim uygulad\u0131\u011f\u0131m\u0131z y\u00f6ntem onlar\u0131n uygulad\u0131\u011f\u0131ndan daha kolay ve hasta \u00f6zelliklerini daha \u00e7ok dikkate alan bir y\u00f6ntemdir. Yani, daha geli\u015fmi\u015f bir y\u00f6ntem oldu\u011funu s\u00f6yleyebiliriz.<\/p>\n<h3>\u015eu ana kadar T\u00fcrkiye&#8217;de olmamas\u0131n\u0131n nedeni nedir.<\/h3>\n<p>Bu y\u00f6ntemin uygulanabilmesi i\u00e7in bu konuda uzmanla\u015fm\u0131\u015f ki\u015filer yani yeti\u015fmi\u015f insan g\u00fcc\u00fcne ihtiya\u00e7 vard\u0131r. Bizim 3 y\u0131l \u00f6nce projeye ba\u015flad\u0131\u011f\u0131m\u0131zda esas amac\u0131m\u0131z bu konuda \u00e7al\u0131\u015fabilecek yeti\u015fmi\u015f insan g\u00fcc\u00fc olu\u015fturmakt\u0131. Yeti\u015fmi\u015f insan g\u00fcc\u00fcn\u00fc elde edebildi\u011fimiz i\u00e7in bu t\u00fcr uygulamalar\u0131 yapabiliyoruz. Her t\u00fcrl\u00fc cihaz\u0131 sat\u0131n alabilirsiniz ama yeti\u015fmi\u015f tecr\u00fcbeli insan sat\u0131n alamazs\u0131n\u0131z<\/p>\n","protected":false},"excerpt":{"rendered":"<p>Tiroit ameliyat\u0131 olmu\u015f ve tiroit kanseri olan hastalara RAI (I-131) atom tedavisi uygulan\u0131r. RAI tedavisinden sonra hastalar bir s\u00fcre \u00f6zel odalarda kapal\u0131 tutularak hastanede yat\u0131r\u0131l\u0131r. Taburcu olduktan sonra da birka\u00e7 hafta yak\u0131n \u00e7evrelerinden uzak kalmalar\u0131 istenir. <\/p>\n","protected":false},"author":4,"featured_media":0,"parent":18,"menu_order":3,"comment_status":"closed","ping_status":"closed","template":"","meta":{"_seopress_robots_primary_cat":"","_seopress_titles_title":"","_seopress_titles_desc":"","_seopress_robots_index":"","footnotes":""},"class_list":["post-519","page","type-page","status-publish","hentry"],"_links":{"self":[{"href":"https:\/\/www.leventkabasakal.com\/en\/wp-json\/wp\/v2\/pages\/519","targetHints":{"allow":["GET"]}}],"collection":[{"href":"https:\/\/www.leventkabasakal.com\/en\/wp-json\/wp\/v2\/pages"}],"about":[{"href":"https:\/\/www.leventkabasakal.com\/en\/wp-json\/wp\/v2\/types\/page"}],"author":[{"embeddable":true,"href":"https:\/\/www.leventkabasakal.com\/en\/wp-json\/wp\/v2\/users\/4"}],"replies":[{"embeddable":true,"href":"https:\/\/www.leventkabasakal.com\/en\/wp-json\/wp\/v2\/comments?post=519"}],"version-history":[{"count":1,"href":"https:\/\/www.leventkabasakal.com\/en\/wp-json\/wp\/v2\/pages\/519\/revisions"}],"predecessor-version":[{"id":565,"href":"https:\/\/www.leventkabasakal.com\/en\/wp-json\/wp\/v2\/pages\/519\/revisions\/565"}],"up":[{"embeddable":true,"href":"https:\/\/www.leventkabasakal.com\/en\/wp-json\/wp\/v2\/pages\/18"}],"wp:attachment":[{"href":"https:\/\/www.leventkabasakal.com\/en\/wp-json\/wp\/v2\/media?parent=519"}],"curies":[{"name":"wp","href":"https:\/\/api.w.org\/{rel}","templated":true}]}}