{"id":664,"date":"2020-01-16T20:15:07","date_gmt":"2020-01-16T18:15:07","guid":{"rendered":"http:\/\/www.leventkabasakal.com\/?page_id=664"},"modified":"2020-02-06T21:58:43","modified_gmt":"2020-02-06T19:58:43","slug":"kurallar","status":"publish","type":"page","link":"https:\/\/www.leventkabasakal.com\/en\/radyoiyot-tedavisi\/turkish-kurallar\/","title":{"rendered":"(Turkish) RADYO\u0130YOT TEDAV\u0130S\u0130 ALIRKEN UYGULANMASI GEREKEN KURALLAR"},"content":{"rendered":"<p class=\"qtranxs-available-languages-message qtranxs-available-languages-message-en\">Sorry, this entry is only available in <a href=\"https:\/\/www.leventkabasakal.com\/tr\/wp-json\/wp\/v2\/pages\/664\" class=\"qtranxs-available-language-link qtranxs-available-language-link-tr\" title=\"Turkish\">Turkish<\/a>. For the sake of viewer convenience, the content is shown below in the alternative language. You may click the link to switch the active language.<\/p><p><\/p>\n<h3><i class=\"fi flaticon-stopwatch fa-fw\"><\/i> Tedaviden Hemen Sonra<\/h3>\n<ul>\n<li>Radyoiyot tedavisinden sonra 1 saat s\u00fcreyle herhangi bir \u015fey yemeyiniz. E\u011fer tedaviden sonra 4 saat i\u00e7erisinde kusarsan\u0131z bir kap i\u00e7erisine kusmaya \u00e7al\u0131\u015f\u0131n\u0131z ve tedaviyi uygulayan n\u00fckleer t\u0131p hekimini en k\u0131sa s\u00fcrede bilgilendiriniz.<\/li>\n<\/ul>\n<h3><i class=\"fi flaticon-transport fa-fw\"><\/i> Seyahat<\/h3>\n<ul>\n<li>E\u011fer m\u00fcmk\u00fcnde toplu ta\u015f\u0131m\u0131 kullanmay\u0131n\u0131z. E\u011fer gerekliyse toplu ta\u015f\u0131m s\u00fcresini yakla\u015f\u0131k 2 saat ile s\u0131n\u0131rlay\u0131n\u0131z. Yak\u0131nlar\u0131n\u0131z ile 6 saati ge\u00e7en seyahatler yapmay\u0131n\u0131z. Seyahat s\u0131ras\u0131nda di\u011fer insanlardan 1 m uza\u011fa oturunuz.<strong>\u00a0<\/strong><\/li>\n<\/ul>\n<h3><i class=\"fi flaticon-house\"><\/i> Evde<\/h3>\n<ul>\n<li>Uzun s\u00fcreli fiziksel temastan ka\u00e7\u0131n\u0131n\u0131z. Evin i\u00e7erisinde bulunan insanlardan m\u00fcmk\u00fcn olan en uzak mesafede bulununuz, t\u00fcm zaman\u0131n\u0131z\u0131 en az 1m uzakta ge\u00e7irmeye \u00e7al\u0131\u015f\u0131n\u0131z, uzun s\u00fcreli birlikteliklerde 2m mesafede bulununuz. Evdeki insanlarla 1m mesafede bir g\u00fcnde 6 saatten daha uzun s\u00fcrede bulunmay\u0131n\u0131z.<\/li>\n<li>E\u011fer m\u00fcmk\u00fcn ise ayr\u0131 bir yatakta daha da iyisi ayr\u0131 bir odada uyuyunuz.<\/li>\n<li>\u00c7ok miktarda s\u0131v\u0131 t\u00fcketiniz.<\/li>\n<li>Yemeklerinizi ve i\u00e7tiklerinizi ba\u015fkalar\u0131yla payla\u015fmay\u0131n\u0131z. Size tek kullan\u0131ml\u0131k (disposable) malzemeler (\u00e7atal ka\u015f\u0131k tabak) \u00f6nerilse de, bu malzemelerin at\u0131k olarak saklanmas\u0131 daha b\u00fcy\u00fck zorluk olu\u015fturmaktad\u0131r ve gereksizdir. Kulland\u0131\u011f\u0131n\u0131z malzemeleri y\u0131kay\u0131p tekrar kullan\u0131n\u0131z.<\/li>\n<li>\u00d6p\u00fc\u015fmekten ve cinsel temastan ka\u00e7\u0131n\u0131n\u0131z.<\/li>\n<li>\u00d6zellikle ilk 2 g\u00fcn herg\u00fcn du\u015f al\u0131n\u0131z. Du\u015f ald\u0131ktan sonra banyoyu temizleyiniz.<\/li>\n<li>Giysileriniz ve \u00e7ar\u015faflar\u0131n\u0131z\u0131 ayr\u0131 olarak y\u0131kay\u0131n\u0131z.<\/li>\n<li>E\u011fer m\u00fcmk\u00fcnse ayr\u0131 bir tuvalet kullan\u0131n\u0131z. \u0130drar yaparken erkekler dahil olmak \u00fczere oturarak i\u015feyiniz. \u00c7i\u015f yapt\u0131ktan sonra genital organlar\u0131n\u0131z\u0131 tuvalet ka\u011f\u0131d\u0131 ile temizleyip kurulay\u0131n\u0131z. Daha sonra tuvalet ka\u011f\u0131d\u0131n\u0131 tuvalete at\u0131p daha sonra sifonu \u00e7ekiniz. Tuvaletten \u00e7\u0131kmadan \u00f6nce ellerinizi iyice y\u0131kay\u0131n\u0131z, di\u011fer aile bireylerinden ayr\u0131 olarak el ve y\u00fcz havlusu ve di\u015f f\u0131r\u00e7as\u0131 kullan\u0131n\u0131z.<\/li>\n<\/ul>\n<h3><i class=\"fi flaticon-animal\"><\/i> Bebekler, \u00e7ocuklar ve hamileler<\/h3>\n<ul>\n<li>E\u011fer bebe\u011finiz varsa en iyisi bir ba\u015fkas\u0131n\u0131n bakmas\u0131n\u0131 sa\u011flay\u0131n\u0131z.<\/li>\n<li>E\u011fer ba\u015fkas\u0131n\u0131n bakmas\u0131 m\u00fcmk\u00fcn de\u011fil ise bebe\u011fi size \u00e7ok yak\u0131n olmamas\u0131n\u0131 sa\u011flay\u0131n\u0131z (\u00f6rne\u011fin, dizinizde \u00e7ok k\u0131sa s\u00fcreden daha fazla uyumas\u0131 veya oturmas\u0131).<\/li>\n<li>Hamilelerin ve \u00e7ocuklar\u0131n ziyaret etmemesini sa\u011flay\u0131n\u0131z. E\u011fer gerekliyse s\u00fcreyi en k\u0131sa, mesafenin en uzun olmas\u0131n\u0131 sa\u011flay\u0131n\u0131z.<\/li>\n<li>Tedaviden sonra birka\u00e7 hafta s\u00fcreyle \u00e7ocuklar\u0131n\u0131z\u0131 \u00f6pmekten ka\u00e7\u0131nman\u0131z \u00e7ok m\u00f6nemlidir. \u00c7\u00fcnk\u00fc radyoiyot \u00e7ocuklar\u0131n\u0131za ge\u00e7mesine ve do\u011frudan temas\u0131na ve gereksiz radyasyon riskimne sebep olur.<\/li>\n<\/ul>\n<h3><i class=\"fi flaticon-feeding-bottle\"><\/i> Emzirme<\/h3>\n<ul>\n<li>E\u011fer emziriyorsan\u0131z tedaviden \u00f6nce emzirmeyi durdurmal\u0131s\u0131n\u0131z. Radyoiyot tedavisi alanlar emziremezler.<\/li>\n<\/ul>\n<h3><i class=\"fi flaticon-nature\"><\/i> Ya\u015fl\u0131lar<\/h3>\n<ul>\n<li>60 ya\u015f\u0131n\u0131n \u00fczerindekiler radyasyondan etkilenme riski \u00e7ok daha d\u00fc\u015f\u00fckt\u00fcr. Bu nedenle sadece uygulanmas\u0131 en kolay \u00f6nelemler uygulanabilir.<\/li>\n<\/ul>\n<h3><i class=\"fi flaticon-interface\"><\/i> Sosyal ya\u015fam<\/h3>\n<ul>\n<li>Di\u011fer insanlarla birka\u00e7 saatten daha fazla yak\u0131n mesafede bulunmay\u0131 gerektiren inema ve di\u011fer sosyal aktivitelerden ka\u00e7\u0131nmak gerekir.<strong>\u00a0<\/strong><\/li>\n<\/ul>\n<h3><i class=\"fi flaticon-suitcase\"><\/i> \u0130\u015fe ba\u015flama<\/h3>\n<ul>\n<li>Tedaviden sonra en az 2 g\u00fcn hastalar i\u015fe d\u00f6nmemelidir. E\u011fer di\u011fer insanlarla uzun s\u00fcreli yak\u0131n temas\u0131no\u0131z yok ise 2. g\u00fcnden sonra i\u015fe ba\u015flayabilirsiniz. E\u011fer di\u011fer insanlarla yak\u0131n temas\u0131n\u0131z var ise i\u015fe ba\u015flama zaman\u0131n\u0131 1 hafta geciktirebilirsiniz fakat ba\u015fkalar\u0131 i\u00e7in yiyecek haz\u0131rl\u0131yorsan\u0131z, veya \u00e7ocuklarla veya hamilelerle \u00e7al\u0131\u015f\u0131yorsan\u0131z i\u015fe ba\u015flama zaman\u0131n\u0131 birka\u00e7 hafta uzatabilirsiniz. Ne kadar s\u00fcre ile i\u015fe ba\u015flamaman\u0131z gerekti\u011fini doktorunuzla konu\u015funuz.<\/li>\n<\/ul>\n<h3><i class=\"fi flaticon-transport-1\"><\/i> Acil durumlar<\/h3>\n<ul>\n<li>E\u011fer trafik kazas\u0131 veya benzeri acil t\u0131bbi m\u00fcdahale gerekirse sa\u011fl\u0131k personeli, nerede, ne zaman ve ne kadar radyoiyot ald\u0131\u011f\u0131z\u0131 bilmek isteyeceklerdir.<\/li>\n<\/ul>\n<h3><i class=\"fi flaticon-medical\"><\/i> Hamilelik<\/h3>\n<ul>\n<li>E\u011fer tedavi uyguland\u0131\u011f\u0131nda hamile oldu\u011funuzu ve o an farkedemedi\u011finiz \u00f6\u011frenirseniz n\u00fckleer t\u0131p hekimini hemen haberdar ediniz. Ne kadar s\u00fcre ile hamile kalmaman\u0131z gerekti\u011fini hekiminizle tart\u0131\u015f\u0131n\u0131z. Tipik olarak tedaviden sonra 4-6 ay s\u00fcreyle hamile kalmaman\u0131z gerekir.<\/li>\n<\/ul>\n<p class=\"text-danger\"><em>Ancak unutulmamal\u0131d\u0131rki yukar\u0131da verilen \u00f6neriler genel kurallar \u00e7er\u00e7evesinde verilmi\u015ftir. Ger\u00e7ekte her hasta farkl\u0131 bir durum arzetmektedir ve bu kurallar herbir hasta i\u00e7in de\u011fi\u015ftirilebilir. Kurallar \u00f6nerilirken hastal\u0131\u011f\u0131n durumu, verilen radyoiyot dozu, hastan\u0131n ve ya\u015fad\u0131\u011f\u0131 \u00e7evrenin sosyal, ekonomik ve k\u00fclt\u00fcrel durumu g\u00f6z \u00f6n\u00fcne al\u0131n\u0131r. Bu nedenle tedaviyi alan hasta hekimiyle her konuyu ayr\u0131 ayr\u0131 tart\u0131\u015fmal\u0131 ve \u00f6nerilerini almal\u0131 ve uygulamal\u0131d\u0131r.<\/em><\/p>\n<p><\/p>","protected":false},"excerpt":{"rendered":"<p>Sorry, this entry is only available in Turkish. For the sake of viewer convenience, the content is shown below in the alternative language. You may click the link to switch the active language. Tedaviden Hemen Sonra Radyoiyot tedavisinden sonra 1 saat s\u00fcreyle herhangi bir \u015fey yemeyiniz. E\u011fer tedaviden sonra 4 saat i\u00e7erisinde kusarsan\u0131z bir kap [&hellip;]<\/p>\n","protected":false},"author":2,"featured_media":314,"parent":28,"menu_order":2,"comment_status":"closed","ping_status":"closed","template":"","meta":{"_seopress_robots_primary_cat":"","_seopress_titles_title":"","_seopress_titles_desc":"","_seopress_robots_index":"","footnotes":""},"class_list":["post-664","page","type-page","status-publish","has-post-thumbnail","hentry"],"_links":{"self":[{"href":"https:\/\/www.leventkabasakal.com\/en\/wp-json\/wp\/v2\/pages\/664","targetHints":{"allow":["GET"]}}],"collection":[{"href":"https:\/\/www.leventkabasakal.com\/en\/wp-json\/wp\/v2\/pages"}],"about":[{"href":"https:\/\/www.leventkabasakal.com\/en\/wp-json\/wp\/v2\/types\/page"}],"author":[{"embeddable":true,"href":"https:\/\/www.leventkabasakal.com\/en\/wp-json\/wp\/v2\/users\/2"}],"replies":[{"embeddable":true,"href":"https:\/\/www.leventkabasakal.com\/en\/wp-json\/wp\/v2\/comments?post=664"}],"version-history":[{"count":2,"href":"https:\/\/www.leventkabasakal.com\/en\/wp-json\/wp\/v2\/pages\/664\/revisions"}],"predecessor-version":[{"id":667,"href":"https:\/\/www.leventkabasakal.com\/en\/wp-json\/wp\/v2\/pages\/664\/revisions\/667"}],"up":[{"embeddable":true,"href":"https:\/\/www.leventkabasakal.com\/en\/wp-json\/wp\/v2\/pages\/28"}],"wp:featuredmedia":[{"embeddable":true,"href":"https:\/\/www.leventkabasakal.com\/en\/wp-json\/wp\/v2\/media\/314"}],"wp:attachment":[{"href":"https:\/\/www.leventkabasakal.com\/en\/wp-json\/wp\/v2\/media?parent=664"}],"curies":[{"name":"wp","href":"https:\/\/api.w.org\/{rel}","templated":true}]}}