{"id":693,"date":"2023-12-07T13:10:25","date_gmt":"2023-12-07T11:10:25","guid":{"rendered":"http:\/\/www.leventkabasakal.com\/?page_id=693"},"modified":"2023-12-07T13:11:21","modified_gmt":"2023-12-07T11:11:21","slug":"tiroid-biyopsisi","status":"publish","type":"page","link":"https:\/\/www.leventkabasakal.com\/en\/diseases\/tiroit\/turkish-tiroid-biyopsisi\/","title":{"rendered":"(Turkish) T\u0130RO\u0130D B\u0130YOPS\u0130S\u0130"},"content":{"rendered":"<p class=\"qtranxs-available-languages-message qtranxs-available-languages-message-en\">Sorry, this entry is only available in <a href=\"https:\/\/www.leventkabasakal.com\/tr\/wp-json\/wp\/v2\/pages\/693\" class=\"qtranxs-available-language-link qtranxs-available-language-link-tr\" title=\"Turkish\">Turkish<\/a>. For the sake of viewer convenience, the content is shown below in the alternative language. You may click the link to switch the active language.<\/p><p><\/p>\n<p class=\"p1\">Tiroit biyopsisi i\u00e7in \u00f6zel bir haz\u0131rl\u0131k gerektirmez. Lokal anestezi uygulamas\u0131 \u00e7o\u011funlukla gerektirmez. Basit bir enjekt\u00f6r ile nod\u00fcl i\u00e7ersine ula\u015f\u0131l\u0131r ve h\u00fccre al\u0131n\u0131r. G\u00fcvenli bir y\u00f6ntemdir ve hastada rahats\u0131zl\u0131k hissi olu\u015fturmaz. \u00c7ok k\u00fc\u00e7\u00fck nod\u00fcllerde ultrasonografi e\u015fli\u011finde ayn\u0131 i\u015flem yap\u0131l\u0131r.<\/p>\n<p><\/p>","protected":false},"excerpt":{"rendered":"<p class=\"qtranxs-available-languages-message qtranxs-available-languages-message-en\">Sorry, this entry is only available in <a href=\"https:\/\/www.leventkabasakal.com\/tr\/wp-json\/wp\/v2\/pages\/693\" class=\"qtranxs-available-language-link qtranxs-available-language-link-tr\" title=\"Turkish\">Turkish<\/a>. For the sake of viewer convenience, the content is shown below in the alternative language. You may click the link to switch the active language.<\/p>\n<p>Tiroid nod\u00fclleri i\u00e7erisinden enjekt\u00f6r yard\u0131m\u0131yla h\u00fccre al\u0131nmas\u0131 ve labaratuarda incelenmesine aspirasyon biyopsisi denir. Laboratuarda h\u00fccrelerin yap\u0131s\u0131na bak\u0131larak nod\u00fclde kanser olup olmad\u0131\u011f\u0131 b\u00fcy\u00fck bir olas\u0131l\u0131kla tespit edilebilir.<\/p>\n","protected":false},"author":4,"featured_media":0,"parent":18,"menu_order":0,"comment_status":"closed","ping_status":"closed","template":"","meta":{"_seopress_robots_primary_cat":"","_seopress_titles_title":"","_seopress_titles_desc":"","_seopress_robots_index":"","footnotes":""},"class_list":["post-693","page","type-page","status-publish","hentry"],"_links":{"self":[{"href":"https:\/\/www.leventkabasakal.com\/en\/wp-json\/wp\/v2\/pages\/693","targetHints":{"allow":["GET"]}}],"collection":[{"href":"https:\/\/www.leventkabasakal.com\/en\/wp-json\/wp\/v2\/pages"}],"about":[{"href":"https:\/\/www.leventkabasakal.com\/en\/wp-json\/wp\/v2\/types\/page"}],"author":[{"embeddable":true,"href":"https:\/\/www.leventkabasakal.com\/en\/wp-json\/wp\/v2\/users\/4"}],"replies":[{"embeddable":true,"href":"https:\/\/www.leventkabasakal.com\/en\/wp-json\/wp\/v2\/comments?post=693"}],"version-history":[{"count":1,"href":"https:\/\/www.leventkabasakal.com\/en\/wp-json\/wp\/v2\/pages\/693\/revisions"}],"predecessor-version":[{"id":696,"href":"https:\/\/www.leventkabasakal.com\/en\/wp-json\/wp\/v2\/pages\/693\/revisions\/696"}],"up":[{"embeddable":true,"href":"https:\/\/www.leventkabasakal.com\/en\/wp-json\/wp\/v2\/pages\/18"}],"wp:attachment":[{"href":"https:\/\/www.leventkabasakal.com\/en\/wp-json\/wp\/v2\/media?parent=693"}],"curies":[{"name":"wp","href":"https:\/\/api.w.org\/{rel}","templated":true}]}}