{"id":76,"date":"2017-02-01T13:44:39","date_gmt":"2017-02-01T11:44:39","guid":{"rendered":"http:\/\/kogital.com\/clients\/leventkabasakal\/?page_id=76"},"modified":"2019-03-04T13:04:45","modified_gmt":"2019-03-04T11:04:45","slug":"tiroid-kanseri","status":"publish","type":"page","link":"https:\/\/www.leventkabasakal.com\/en\/diseases\/tiroit\/tiroid-kanseri\/","title":{"rendered":"(Turkish) T\u0130RO\u0130D KANSER\u0130"},"content":{"rendered":"<p>Tiroit kanseri tiroit bezi h\u00fccrelerinde geli\u015fen bir kanser t\u00fcr\u00fcd\u00fcr. Olduk\u00e7a nadir g\u00f6r\u00fcl\u00fcr. \u00c7e\u015fitli tipleri vard\u0131r. Papiller ve Follik\u00fcler tiroir kanserleri en s\u0131k g\u00f6zlenen tiroit kanseri t\u00fcrleridir. Bu kanser t\u00fcr\u00fcn\u00fcn genel olarak seyri iyidir ve tedavisi hem kolay hem de hasta i\u00e7in rahats\u0131zl\u0131k olu\u015fturmaz. Ancak, bazen tekrar geri gelebilir ve di\u011fer organlara yay\u0131labilir. Bu nedenle hastalar ya\u015famlar\u0131 s\u00fcresince takip edilmek zorundad\u0131rlar.<\/p>\n","protected":false},"excerpt":{"rendered":"<p>Tiroid hastal\u0131klar\u0131 radyoaktif I-131 ile yakla\u015f\u0131k 60 y\u0131ldan beri tedavi edilmektedir. Bu s\u00fcre zarf\u0131nda milyonlarca insan radyoaktif madde olan I-131 ile tedavi edilmi\u015ftir. Bu tedavi y\u00f6nteminin radyasyona ba\u011fl\u0131 olumsuz etkileri 60 y\u0131ldan beri ara\u015ft\u0131r\u0131lm\u0131\u015f ve herhangi bir bulgu saptanmam\u0131\u015ft\u0131r.<\/p>\n","protected":false},"author":1,"featured_media":0,"parent":18,"menu_order":3,"comment_status":"closed","ping_status":"closed","template":"","meta":{"_seopress_robots_primary_cat":"","_seopress_titles_title":"","_seopress_titles_desc":"","_seopress_robots_index":"","footnotes":""},"class_list":["post-76","page","type-page","status-publish","hentry"],"_links":{"self":[{"href":"https:\/\/www.leventkabasakal.com\/en\/wp-json\/wp\/v2\/pages\/76","targetHints":{"allow":["GET"]}}],"collection":[{"href":"https:\/\/www.leventkabasakal.com\/en\/wp-json\/wp\/v2\/pages"}],"about":[{"href":"https:\/\/www.leventkabasakal.com\/en\/wp-json\/wp\/v2\/types\/page"}],"author":[{"embeddable":true,"href":"https:\/\/www.leventkabasakal.com\/en\/wp-json\/wp\/v2\/users\/1"}],"replies":[{"embeddable":true,"href":"https:\/\/www.leventkabasakal.com\/en\/wp-json\/wp\/v2\/comments?post=76"}],"version-history":[{"count":1,"href":"https:\/\/www.leventkabasakal.com\/en\/wp-json\/wp\/v2\/pages\/76\/revisions"}],"predecessor-version":[{"id":575,"href":"https:\/\/www.leventkabasakal.com\/en\/wp-json\/wp\/v2\/pages\/76\/revisions\/575"}],"up":[{"embeddable":true,"href":"https:\/\/www.leventkabasakal.com\/en\/wp-json\/wp\/v2\/pages\/18"}],"wp:attachment":[{"href":"https:\/\/www.leventkabasakal.com\/en\/wp-json\/wp\/v2\/media?parent=76"}],"curies":[{"name":"wp","href":"https:\/\/api.w.org\/{rel}","templated":true}]}}