{"id":83,"date":"2017-02-01T13:56:39","date_gmt":"2017-02-01T11:56:39","guid":{"rendered":"http:\/\/kogital.com\/clients\/leventkabasakal\/?page_id=83"},"modified":"2019-03-04T13:04:29","modified_gmt":"2019-03-04T11:04:29","slug":"tiroit-hastaliklarinin-tedavisi","status":"publish","type":"page","link":"https:\/\/www.leventkabasakal.com\/en\/diseases\/tiroit\/tiroit-hastaliklarinin-tedavisi\/","title":{"rendered":"(Turkish) T\u0130RO\u0130D HASTALIKLARININ TEDAV\u0130S\u0130"},"content":{"rendered":"<p>Tiroid kanseri tespit edildikten sonra cerrahi olarak \u00e7\u0131kart\u0131l\u0131rlar. Tiroit bezinin tamam\u0131na yak\u0131n veya tamam\u0131 &#8220;tiroidektomi&#8221; denilen cerrahi giri\u015fim ile \u00e7\u0131kar\u0131l\u0131r. Tiroidektomiden sonra hastalara geri kalan tiroit dokusunu ortadan kald\u0131rmak i\u00e7in Radyoaktif \u0130yot\u00a0 (I-131) tedavisi &#8220;Atom Tedavisi&#8221; uygulan\u0131r. Bu y\u00f6nteme &#8220;Ablasyon&#8221; tedavisi denir. Radyoiyot tedavisi sonras\u0131nda hastalar \u00f6m\u00fcr boyu T4 (L-Tiroksin) hormonunu a\u011f\u0131z yoluyla almak zorundad\u0131rlar. Bunun iki amac\u0131 vard\u0131r; Birincisi ortadan kalkan tiroit bezinin eksikli\u011finin v\u00fccudumuzda oluiturdu\u011fu olumsuz etkileri ortadan kald\u0131rmakt\u0131r. \u0130kincisi ise Tiroit hormonu eksikli\u011fi nedeniyle kandaki TSH d\u00fczeyinin artmas\u0131 ve TSH &#8216;nin Tiroit kanseri h\u00fccrelerinin b\u00fcy\u00fcmesini h\u0131zland\u0131rma riskini ortadan kald\u0131rmak ve hastalara hissettirmemektir.<\/p>\n","protected":false},"excerpt":{"rendered":"<p>Tiroid kanseri tespit edildikten sonra cerrahi olarak \u00e7\u0131kart\u0131l\u0131rlar. Tiroit bezinin tamam\u0131na yak\u0131n veya tamam\u0131 &#8220;tiroidektomi&#8221; denilen cerrahi giri\u015fim ile \u00e7\u0131kar\u0131l\u0131r. Tiroidektomiden sonra hastalara geri kalan tiroit dokusunu ortadan kald\u0131rmak i\u00e7in Radyoaktif \u0130yot\u00a0 (I-131) tedavisi &#8220;Atom Tedavisi&#8221; uygulan\u0131r. Bu y\u00f6nteme &#8220;Ablasyon&#8221; tedavisi denir. Radyoiyot tedavisi sonras\u0131nda hastalar \u00f6m\u00fcr boyu T4 (L-Tiroksin) hormonunu a\u011f\u0131z yoluyla almak zorundad\u0131rlar. [&hellip;]<\/p>\n","protected":false},"author":1,"featured_media":0,"parent":18,"menu_order":6,"comment_status":"closed","ping_status":"closed","template":"","meta":{"_seopress_robots_primary_cat":"","_seopress_titles_title":"","_seopress_titles_desc":"","_seopress_robots_index":"","footnotes":""},"class_list":["post-83","page","type-page","status-publish","hentry"],"_links":{"self":[{"href":"https:\/\/www.leventkabasakal.com\/en\/wp-json\/wp\/v2\/pages\/83","targetHints":{"allow":["GET"]}}],"collection":[{"href":"https:\/\/www.leventkabasakal.com\/en\/wp-json\/wp\/v2\/pages"}],"about":[{"href":"https:\/\/www.leventkabasakal.com\/en\/wp-json\/wp\/v2\/types\/page"}],"author":[{"embeddable":true,"href":"https:\/\/www.leventkabasakal.com\/en\/wp-json\/wp\/v2\/users\/1"}],"replies":[{"embeddable":true,"href":"https:\/\/www.leventkabasakal.com\/en\/wp-json\/wp\/v2\/comments?post=83"}],"version-history":[{"count":1,"href":"https:\/\/www.leventkabasakal.com\/en\/wp-json\/wp\/v2\/pages\/83\/revisions"}],"predecessor-version":[{"id":572,"href":"https:\/\/www.leventkabasakal.com\/en\/wp-json\/wp\/v2\/pages\/83\/revisions\/572"}],"up":[{"embeddable":true,"href":"https:\/\/www.leventkabasakal.com\/en\/wp-json\/wp\/v2\/pages\/18"}],"wp:attachment":[{"href":"https:\/\/www.leventkabasakal.com\/en\/wp-json\/wp\/v2\/media?parent=83"}],"curies":[{"name":"wp","href":"https:\/\/api.w.org\/{rel}","templated":true}]}}