{"id":89,"date":"2017-02-01T14:11:17","date_gmt":"2017-02-01T12:11:17","guid":{"rendered":"http:\/\/kogital.com\/clients\/leventkabasakal\/?page_id=89"},"modified":"2023-12-07T13:16:15","modified_gmt":"2023-12-07T11:16:15","slug":"hipertiroid","status":"publish","type":"page","link":"https:\/\/www.leventkabasakal.com\/en\/diseases\/tiroit\/turkish-hipertiroid\/","title":{"rendered":"(Turkish) H\u0130PERT\u0130RO\u0130D"},"content":{"rendered":"<h3>En s\u0131k g\u00f6r\u00fclen belirtileri neler?<\/h3>\n<p>En s\u0131k g\u00f6r\u00fclen bulgular, sinirlilik, \u00e7arp\u0131nt\u0131 ve kilo kayb\u0131d\u0131r. Ellerde titreme, kaslarda g\u00fc\u00e7s\u00fczl\u00fck g\u00f6r\u00fcl\u00fcr. V\u00fccut \u0131s\u0131s\u0131 artar ve s\u0131ca\u011fa kar\u015f\u0131 tahamm\u00fcls\u00fczl\u00fck geli\u015fir. Sa\u00e7 d\u00f6k\u00fclmesi g\u00f6r\u00fclebilir. Sa\u00e7lar ince cans\u0131z ve ya\u011fl\u0131d\u0131r. Cilt nemli ve incedir. T\u0131rnaklar kolayl\u0131kla k\u0131r\u0131l\u0131r ve zor b\u00fcy\u00fcr. Barsak hareketlerinde artma izlenir. Uzun s\u00fcren hastal\u0131klarda adet d\u00fczensizli\u011fi olu\u015fur. Adet say\u0131s\u0131nda ve kanama miktar\u0131nda azalma olur. G\u00f6zlerde \u015fi\u015fme ve ileri do\u011fru \u00e7\u0131kma Graves hastalar\u0131nda g\u00f6r\u00fcl\u00fcr. \u00c7ift g\u00f6rme geli\u015febilir.\u00a0<\/p>\n<h3>\u00c7arp\u0131nt\u0131 uyar\u0131c\u0131 bir belirti mi?<\/h3>\n<p>\u00c7arp\u0131nt\u0131 hipertiroidinin en \u00f6nemli bulgusudur. \u00c7arp\u0131nt\u0131 olmadan hipertiroidi olmaz diyebiliriz. Bu nedenle hastalar\u0131n ilk \u015fikayet etti\u011fi belirtilerden biridir. Hastalar hareket ettiklerinde veya heyecanland\u0131klar\u0131nda kalbinin fazla \u00e7arpt\u0131\u011f\u0131n\u0131 hisseder. Hatta bazen hi\u00e7 efor sarfetmeden istirahat halindeyken bile \u00e7arp\u0131nt\u0131 g\u00f6r\u00fclebilir. Daha ileri durumlarda \u00e7arp\u0131nt\u0131n\u0131n yan\u0131nda di\u011fer a\u011f\u0131r kalp ritm bozukluklar\u0131 da g\u00f6r\u00fclebilir. \u00c7arp\u0131nt\u0131 \u015fikayeti ile gelen hastalarda tiroid hormon d\u00fczeylerinin \u00f6l\u00e7\u00fclmesi ihmal edilmemelidir.<\/p>\n<h3>Hastal\u0131k i\u015ftah a\u00e7\u0131yor mu?<\/h3>\n<p>Evet. Hastalarda belirgin i\u015ftah a\u00e7\u0131lmas\u0131 g\u00f6r\u00fcl\u00fcr. \u0130\u015ftah gen\u00e7lerde ya\u015fl\u0131lara nazaran daha fazla artar. Ancak i\u015ftaha ve \u00e7ok yemeye ra\u011fmen zay\u0131flama g\u00f6r\u00fcl\u00fcr. Hipertiroidi bazal metabolizmay\u0131, dolay\u0131s\u0131yla oksijen ve nerji t\u00fcketimini art\u0131r\u0131r. V\u00fccut \u0131s\u0131s\u0131 artar, s\u0131ca\u011fa kar\u015f\u0131 tahamm\u00fcls\u00fczl\u00fck olu\u015fur. Artan metabolizmaya ba\u011fl\u0131 olarak da i\u015ftah artar. Bazen gen\u00e7lerde i\u015ftah o kadar \u00e7ok artar ki hastal\u0131\u011f\u0131n erken d\u00f6nemlerinde hastalar kilo bile alabilirler. Ancak hastal\u0131\u011f\u0131n ileri evrelerinde kilo kayb\u0131 ve g\u00fc\u00e7s\u00fczl\u00fck ka\u00e7\u0131n\u0131lmaz olur.<\/p>\n<h3>G\u00f6zlerde de baz\u0131 belirtiler ortaya \u00e7\u0131k\u0131yor de\u011fil mi?<\/h3>\n<p>Hipertiroidide g\u00f6z kaslar\u0131ndaki g\u00fc\u00e7s\u00fczl\u00fc\u011fe ba\u011fl\u0131 olarak g\u00f6z kapaklar\u0131 normalden a\u00e7\u0131k hale gelir, g\u00f6zler parlak nemli bir hal al\u0131r ve adeta b\u00fcy\u00fcm\u00fc\u015f gibi g\u00f6z\u00fck\u00fcr. Hipertiroidinin tedavisi ile d\u00fczelir. Graves hastal\u0131\u011f\u0131na ba\u011fl\u0131 olarak geli\u015fen g\u00f6zlerin ileri do\u011fru f\u0131rlamas\u0131 ise a\u011f\u0131r bir durumdur. Hipertiroidi d\u00fczelse bile g\u00f6zler tamamen d\u00fczelmeyebilir. G\u00f6zlerde \u00f6ne do\u011fru \u00e7\u0131kma (ekzoftalmi) her iki g\u00f6zde ayn\u0131 \u015fiddette olmyabilir. B\u00f6yle durumlarda \u00e7ift g\u00f6rme olabilece\u011fi gibi ciddi kozmetik problemler de ortaya \u00e7\u0131kar. G\u00f6z bulgular\u0131 ile sigara i\u00e7me aras\u0131nda ba\u011flant\u0131 vard\u0131r. Sigara i\u00e7enlerde g\u00f6zlerin ileri do\u011fru f\u0131rlamas\u0131 ve ekzoftalmi ka\u00e7\u0131n\u0131lmaz hale gelir. Sigara ayr\u0131ca hastal\u0131\u011f\u0131n tedavisini g\u00fc\u00e7le\u015ftirir, haswtal\u0131\u011f\u0131n n\u00fcks etmesine sebep olur. Hipertiroidi hastalar\u0131n\u0131n sigaray\u0131 b\u0131rakmalar\u0131 \u015fiddetle te\u015fvik edilmelidir. Aksi taktirde pi\u015fmanl\u0131k fayda etmez.<\/p>\n<h3>\u00c7ok terleyen ve \u00e7ok su i\u00e7enlerde hipertiroidi taramas\u0131 yap\u0131lmal\u0131 m\u0131?<\/h3>\n<p>Hastal\u0131k bazal metabolizmay\u0131 art\u0131rd\u0131\u011f\u0131 i\u00e7in oksijen t\u00fcketimi ve enerji t\u00fcketimi artar. Hastalar durduklar\u0131 yerde terlerler ve s\u0131caktan \u00e7ok rahats\u0131zl\u0131k duyarlar. \u00c7ok terlemeye ba\u011fl\u0131 olarak s\u0131v\u0131 kayb\u0131 olur. S\u0131v\u0131 kayb\u0131n\u0131 kar\u015f\u0131lamak i\u00e7in hipertiroidi hastalar\u0131 \u00e7ok su i\u00e7erler. \u00c7ok terleme ve \u00e7ok su i\u00e7me hipertiroidinin belirtisi olabilir. Bu nedenle bu t\u00fcr \u015fikayeti olan hastalarda tiroid testlerini yapmay\u0131 ihmal etmemek gerekir.<\/p>\n<h3>Hastal\u0131k k\u0131s\u0131rl\u0131\u011fa yol a\u00e7abilir mi?<\/h3>\n<p>Hipertiroidi t\u00fcm sistemleri etkiledi\u011fi gibi \u00fcreme organlar\u0131n\u0131 ve hormonlar\u0131n\u0131 da etkiler. Kad\u0131nlarda adet d\u00fczensizli\u011fine yol a\u00e7ar. Adet say\u0131s\u0131nda ve kanama miktar\u0131nda azalma g\u00f6r\u00fcl\u00fcr. Yumurtlaman\u0131n azalmas\u0131 ve beraberinde cinsel isteksizlik g\u00f6r\u00fclebilir. Bu nedenlerle gebe kalma zorla\u015fabilir. Ancak tedavi ile bu bulgular\u0131n hepsi normale d\u00f6ner. Erkeklerde bastal\u0131\u011f\u0131n ba\u015flang\u0131c\u0131nda cinsel performansta art\u0131\u015f olmakla beraber daha sonra cinsel isteksizlik g\u00f6r\u00fcl\u00fcr. Erkeklerde memelerde b\u00fcy\u00fcme ve s\u00fct gelmesi g\u00f6r\u00fclebilir. Ancak tedavi ile birlikte hepsi d\u00fczelir.<\/p>\n<h3>Deride ne t\u00fcr de\u011fi\u015fiklikler meydana geliyor?<\/h3>\n<p>V\u00fccut \u0131s\u0131s\u0131n\u0131n art\u0131\u015f\u0131na ba\u011fl\u0131 olarak cilt nemli ve incedir. . Bazen ayak s\u0131rt\u0131nda kal\u0131nla\u015fma ve \u00f6dem g\u00f6r\u00fclebilir. El ve avu\u00e7 i\u00e7lerinde damar geni\u015flemesine ba\u011fl\u0131 k\u0131zar\u0131kl\u0131k g\u00f6r\u00fclebilir. T\u0131rnaklar ince ve cans\u0131zd\u0131r. Sa\u00e7lar incelmi\u015f, cans\u0131z ve g\u00fc\u00e7s\u00fczd\u00fcr. Sa\u00e7 d\u00f6k\u00fclmesi g\u00f6r\u00fcl\u00fcr ancak tedavi ile sa\u00e7lar yeniden \u00e7\u0131kar. Hastalar\u0131 \u00e7ok rahats\u0131z eden yayg\u0131n ka\u015f\u0131nt\u0131lar olabilir.\u00a0<\/p>\n<h3>Hipertiroidi ve kemik erimesi aras\u0131nda ili\u015fki var m\u0131?<\/h3>\n<p>Evet var. Hipertiroidi kemik metabolizmas\u0131n\u0131 bozar. Kemik erimesi dedi\u011fimiz osteoporoz geli\u015fimine neden olur. Kemiklerdeki kalsiyum azal\u0131r, kanda ve idrarda kalsiyum miktar\u0131nda art\u0131\u015f g\u00f6zlenir. V\u00fccuttan ciddi bir kalsiyum kayb\u0131 olur. Bu durum menopozdaki hastalar i\u00e7in daha da \u00f6nemlidir. Zaten menopoz nedeniyle kemik erimesi riski mevcutken hipertiroidi bu riski daha da art\u0131r\u0131r. Hipotiroidi s\u0131ras\u0131nda tedavi i\u00e7in verilen T4 hormon d\u00fczeyi iyi ayarlanmaz ise hipertiroidi ve osteoporoz geli\u015febilir.<\/p>\n<h3>Peki, hipertiroidinin sebepleri neler?<\/h3>\n<p>Hipertiroidinin bilinen en \u00f6nemli sebebi Graves hastal\u0131\u011f\u0131d\u0131r. Graves hastal\u0131\u011f\u0131n\u0131n sebebi tam olarak bilinmemektedir. Ba\u011f\u0131\u015f\u0131kl\u0131k sistemindeki bir bozulma ile tiroid bezinin \u00e7ok \u00e7al\u0131\u015fmas\u0131na sebep olan proteinler v\u00fccutta \u00fcretilir. Hipertiroidinin di\u011fer bir sebebi \u00e7ok \u00e7al\u0131\u015fan nod\u00fcllerdir. S\u0131cak veya hiperaktif dedi\u011fimiz bu nod\u00fcller tiroid bezinden ba\u011f\u0131ms\u0131z olarak s\u00fcrekli ve \u00e7ok miktarda tiroid hormonu \u00fcretirler ve kana verirler. Tiroid bezinin iltahabi durumlar\u0131, a\u015f\u0131r\u0131 iyot al\u0131m\u0131 ve tiroid bezinin \u00e7e\u015fitli sebeplerle tahrip olmas\u0131 hipertiroidinin nadir g\u00f6r\u00fclen di\u011fer sebepleri aras\u0131nda say\u0131labilir. Hipotiroidinin tedavisi s\u0131ras\u0131nda verilen tiroid hormonlar\u0131n\u0131n kontrolsuz ve a\u015f\u0131r\u0131 al\u0131m\u0131 da hipertiroidinin s\u0131k g\u00f6r\u00fclen sebeplerindendir.\u00a0<\/p>\n<h3>Hipertiroidiyi hangi y\u00f6ntemlerle te\u015fhis ediyorsunuz?<\/h3>\n<p>Hipertiroidi olduk\u00e7a g\u00fcr\u00fclt\u00fcl\u00fc seyreden bir hastal\u0131kt\u0131r. Bu nedenle tan\u0131 koyduracak belirtiler zaten vard\u0131r. Ancak ya\u015fl\u0131 hastalarda bazen belirtiler sadece \u00e7arp\u0131nt\u0131 veya sinirlilik olarak ortaya \u00e7\u0131kabilir. Bu durumda hekimin hipertiroididen \u015f\u00fcphelenmesi zorla\u015fabilir. Hastal\u0131\u011f\u0131n kesin tan\u0131s\u0131 i\u00e7in kanda tiroid hormonlar\u0131n\u0131n ve TSH\u2019n\u0131n d\u00fczeyine bak\u0131l\u0131r. \u00c7o\u011funlukla T3 veya T4\u2019\u00fcn her ikisi veya sadece biri y\u00fcksek bulunur. Bazen erken d\u00f6nemlerde her ikisi de normal olabilir ama TSH d\u00fczeyleri mutlaka d\u00fc\u015f\u00fckt\u00fcr. Graves hastal\u0131\u011f\u0131nda tiroid antikorlar\u0131 y\u00fckselir.Tiroid sintigrafisi ile nod\u00fcllerin fonksiyonu hakk\u0131nda bilgi edinilir. Tiroid uptake testi ise tiroid bezinin t\u00fcm\u00fcn\u00fcn fonksiyonu hakk\u0131nda fikir verir.<\/p>\n<h3>Tedavisi zor mu?<\/h3>\n<p>Hipertiroidi hastalar\u0131 \u00e7ok rahats\u0131z eden ve \u00e7ok zarar veren bir klinik durumdur. Bu y\u00fczden mutlaka tedavi edilmeli ve k\u0131sa s\u00fcrede tedaviye ba\u015flanmal\u0131d\u0131r. Tedavide \u00e7e\u015fitli se\u00e7enekler mevcuttur. \u0130la\u00e7 tedavisi ile hastal\u0131\u011f\u0131n belirtileri k\u0131sa s\u00fcrede ortadan kald\u0131r\u0131l\u0131r. Ancak hastal\u0131\u011f\u0131n ila\u00e7la tedavisi olduk\u00e7a uzun s\u00fcrer. Hastalar 1-2 y\u0131l ila\u00e7 tedavisi kullanmak zorunda kal\u0131rlar. Buna ra\u011fmen hastalar\u0131n b\u00fcy\u00fck k\u0131sm\u0131nda n\u00fcks g\u00f6r\u00fcl\u00fcr. Sigara i\u00e7enlerde, tiroid bezi b\u00fcy\u00fck olanlarda ve gen\u00e7lerde n\u00fcks oran\u0131 daha y\u00fcksek tir. Ayr\u0131ca ila\u00e7lar\u0131n \u00e7e\u015fitli yan etkileri vard\u0131r. Radyoaktif iyot tedavisi (atom) di\u011fer bir tedavi se\u00e7ene\u011fidir. Radyoiyot tedavisi hastaya a\u011f\u0131z yoluyla verilir. Bilinen bir yan etkisi bulunmamaktad\u0131r. Bug\u00fcn d\u00fcnyada hipertiroidi hastalar\u0131n\u0131n \u00e7o\u011funda ilk tedavi y\u00f6ntemi olarak radyoiyot tedavisi uygulanmaktad\u0131r. Cerrahi tedavi ise \u00e7ok az say\u0131daki hastaya uygulan\u0131r, neredeyse hipertiroidinin tedavisinde bug\u00fcn yeri kalmam\u0131\u015ft\u0131r denilebilir.<\/p>\n","protected":false},"excerpt":{"rendered":"<p>Tiroid bezinin normalden \u00e7ok \u00e7al\u0131\u015farak a\u015f\u0131r\u0131 miktarda tiroid hormonu \u00fcretmesine hipertiroidi denilir. \u00c7e\u015fitli nedenlerle kanda tiroid hormonunun artmas\u0131na ise tirotoksikoz denilir. Her ikisininde belirti ve bulgular\u0131 ayn\u0131d\u0131r. Her iki durumda da kanda T3 ve T4 tiroid hormonlar\u0131n\u0131n d\u00fczeyi artar. Kanda TSH d\u00fczeyi ise d\u00fc\u015fer. En s\u0131k g\u00f6r\u00fclen nedeni Graves hastal\u0131\u011f\u0131 denilen durumdur. S\u0131cak nod\u00fcller \u00f6zellikle ya\u015fl\u0131 hastalarda hipertiroidinin di\u011fer \u00f6nemli bir sebebidir. Tiroid hormonlar\u0131n\u0131n kontrolsuz al\u0131m\u0131, baz\u0131 iltahabi tiroid hastal\u0131klar\u0131, a\u015f\u0131r\u0131 iyot al\u0131m\u0131 ve do\u011fum sonras\u0131 tiroid hastal\u0131\u011f\u0131 di\u011fer hipertiroidi ve tirotoksikoz sebepleri aras\u0131nda say\u0131labilir. Hipertiroidi olduk\u00e7a rahats\u0131zl\u0131k ve \u015fikayet olu\u015fturan, zarar verici toksik bir durumdur.<\/p>\n","protected":false},"author":1,"featured_media":0,"parent":18,"menu_order":5,"comment_status":"closed","ping_status":"closed","template":"","meta":{"_seopress_robots_primary_cat":"","_seopress_titles_title":"","_seopress_titles_desc":"","_seopress_robots_index":"","footnotes":""},"class_list":["post-89","page","type-page","status-publish","hentry"],"_links":{"self":[{"href":"https:\/\/www.leventkabasakal.com\/en\/wp-json\/wp\/v2\/pages\/89","targetHints":{"allow":["GET"]}}],"collection":[{"href":"https:\/\/www.leventkabasakal.com\/en\/wp-json\/wp\/v2\/pages"}],"about":[{"href":"https:\/\/www.leventkabasakal.com\/en\/wp-json\/wp\/v2\/types\/page"}],"author":[{"embeddable":true,"href":"https:\/\/www.leventkabasakal.com\/en\/wp-json\/wp\/v2\/users\/1"}],"replies":[{"embeddable":true,"href":"https:\/\/www.leventkabasakal.com\/en\/wp-json\/wp\/v2\/comments?post=89"}],"version-history":[{"count":7,"href":"https:\/\/www.leventkabasakal.com\/en\/wp-json\/wp\/v2\/pages\/89\/revisions"}],"predecessor-version":[{"id":700,"href":"https:\/\/www.leventkabasakal.com\/en\/wp-json\/wp\/v2\/pages\/89\/revisions\/700"}],"up":[{"embeddable":true,"href":"https:\/\/www.leventkabasakal.com\/en\/wp-json\/wp\/v2\/pages\/18"}],"wp:attachment":[{"href":"https:\/\/www.leventkabasakal.com\/en\/wp-json\/wp\/v2\/media?parent=89"}],"curies":[{"name":"wp","href":"https:\/\/api.w.org\/{rel}","templated":true}]}}