{"id":96,"date":"2017-02-01T14:24:20","date_gmt":"2017-02-01T12:24:20","guid":{"rendered":"http:\/\/kogital.com\/clients\/leventkabasakal\/?page_id=96"},"modified":"2019-03-04T13:03:03","modified_gmt":"2019-03-04T11:03:03","slug":"atom-tedavisi-gebelik","status":"publish","type":"page","link":"https:\/\/www.leventkabasakal.com\/en\/radyoiyot-tedavisi\/atom-tedavisi-gebelik\/","title":{"rendered":"(Turkish) ATOM TEDAV\u0130S\u0130 VE GEBEL\u0130K"},"content":{"rendered":"<p>En b\u00fcy\u00fck problem gebe oldu\u011funu bilmeyen veya gizleyen hastalard\u0131r. Gebelik halinde radyoiyot tedavisinin uygulanmas\u0131 bebe\u011fin ald\u0131\u011f\u0131 doz hesab\u0131 yap\u0131l\u0131r. F\u00f6t\u00fcs\u00fcn (cenin) ald\u0131\u011f\u0131 radyasyon dozu y\u00fcksek ise gebelik sonland\u0131r\u0131l\u0131r.<\/p>\n<p>Radyoiyot tedavisinden sonra gebelik i\u00e7in bekleme s\u00fcresi belirgin de\u011fildir. \u00c7e\u015fitli organizasyonlar 4 ay ile 12 ay aras\u0131nda de\u011fi\u015fen \u00e7e\u015fitli s\u00fcrelerde bekleme d\u00f6nemi \u00f6nermektedirler. Ancak bu konuda \u00e7ok g\u00fcvenilir bir bilimsel veri de yoktur. <strong>Uluslararas\u0131 Radyasyondan Korunma Komitesi<\/strong> (International Comission for Radiation Protection (ICRP)) 2004 y\u0131l\u0131nda yay\u0131mlad\u0131\u011f\u0131 raporda (ICRP-94) tedavi sonras\u0131 bekleme s\u00fcresinin 4-6 ay olmas\u0131n\u0131n yeterli oldu\u011funu s\u00f6ylemektedir. Bu bekleme s\u00fcresi radyasyonun etkilerinden \u00e7ok hastal\u0131\u011f\u0131n tedavi edilip edilmedi\u011finin anla\u015f\u0131labilmesi ile ilgilidir. Yap\u0131lan \u00e7al\u0131\u015fmalar hipertiroidi ve tiroid kanseri tedavisi i\u00e7in uygulanan radyoiyot tedavisinin do\u011furganl\u0131k ve bebekler \u00fczerinde herhangi bir olumsuz etkisinin olmad\u0131\u011f\u0131n\u0131 g\u00f6stermektedir.<\/p>\n<p>Gene kural olarak radyoiyot tedavisi emziren kad\u0131nlara da verilmez, \u00e7\u00fcnk\u00fc radyoiyot s\u00fctle kolayl\u0131kla \u00e7ocu\u011fa ge\u00e7er. Tedavi i\u00e7in emzirmenin durdurulmas\u0131ndan 2-3 hafta sonraya kadar beklenmelidir.<\/p>\n","protected":false},"excerpt":{"rendered":"<p>Kural olarak gebe hastalara radyoiyot tedavisi uygulanmaz. \u00e7\u00fcnk\u00fc verilen radyoiyot plasentadan \u00e7ocu\u011fa kolayl\u0131kla ge\u00e7er. Kad\u0131nlarda Tiroid kanserlerinin %80\u2019ni do\u011furganl\u0131k d\u00f6nemi olan 15 ile 45 ya\u015flar\u0131 aras\u0131nda g\u00f6r\u00fcl\u00fcr. Ancak tiroid kanserleri agresif t\u00fcm\u00f6rler de\u011fildir. Bu nedenle tedavi i\u00e7in gebeli\u011fin bitimine kadar beklenebilir. Gebeli\u011fin sonlanmas\u0131 ile tedaviye devam edilebilir. <\/p>\n","protected":false},"author":1,"featured_media":241,"parent":28,"menu_order":6,"comment_status":"closed","ping_status":"closed","template":"","meta":{"_seopress_robots_primary_cat":"","_seopress_titles_title":"","_seopress_titles_desc":"","_seopress_robots_index":"","footnotes":""},"class_list":["post-96","page","type-page","status-publish","has-post-thumbnail","hentry"],"_links":{"self":[{"href":"https:\/\/www.leventkabasakal.com\/en\/wp-json\/wp\/v2\/pages\/96","targetHints":{"allow":["GET"]}}],"collection":[{"href":"https:\/\/www.leventkabasakal.com\/en\/wp-json\/wp\/v2\/pages"}],"about":[{"href":"https:\/\/www.leventkabasakal.com\/en\/wp-json\/wp\/v2\/types\/page"}],"author":[{"embeddable":true,"href":"https:\/\/www.leventkabasakal.com\/en\/wp-json\/wp\/v2\/users\/1"}],"replies":[{"embeddable":true,"href":"https:\/\/www.leventkabasakal.com\/en\/wp-json\/wp\/v2\/comments?post=96"}],"version-history":[{"count":1,"href":"https:\/\/www.leventkabasakal.com\/en\/wp-json\/wp\/v2\/pages\/96\/revisions"}],"predecessor-version":[{"id":559,"href":"https:\/\/www.leventkabasakal.com\/en\/wp-json\/wp\/v2\/pages\/96\/revisions\/559"}],"up":[{"embeddable":true,"href":"https:\/\/www.leventkabasakal.com\/en\/wp-json\/wp\/v2\/pages\/28"}],"wp:featuredmedia":[{"embeddable":true,"href":"https:\/\/www.leventkabasakal.com\/en\/wp-json\/wp\/v2\/media\/241"}],"wp:attachment":[{"href":"https:\/\/www.leventkabasakal.com\/en\/wp-json\/wp\/v2\/media?parent=96"}],"curies":[{"name":"wp","href":"https:\/\/api.w.org\/{rel}","templated":true}]}}